{"id":1251,"date":"2019-05-17T11:09:04","date_gmt":"2019-05-17T09:09:04","guid":{"rendered":"https:\/\/www.poncetgroupe.com\/Creations-by-YGP\/?page_id=1251"},"modified":"2020-03-31T16:04:57","modified_gmt":"2020-03-31T14:04:57","slug":"tnl-shajara-en","status":"publish","type":"page","link":"https:\/\/www.poncetgroupe.com\/Creations-by-YGP\/en\/tnl-shajara-en\/","title":{"rendered":"TNL Shajara EN"},"content":{"rendered":"<p>[et_pb_section bb_built=\u00a0\u00bb1&Prime; _builder_version=\u00a0\u00bb3.1.1&Prime; custom_margin=\u00a0\u00bb0px||0px|\u00a0\u00bb custom_padding=\u00a0\u00bb0px||0|\u00a0\u00bb next_background_color=\u00a0\u00bb#000000&Prime;][et_pb_row custom_padding=\u00a0\u00bb27px|0px|40px|0px\u00a0\u00bb _builder_version=\u00a0\u00bb3.0.98&Prime;][et_pb_column type=\u00a0\u00bb4_4&Prime;][et_pb_text _builder_version=\u00a0\u00bb3.11.1&Prime; header_text_align=\u00a0\u00bbcenter\u00a0\u00bb header_text_color=\u00a0\u00bb#55aa90&Prime; header_4_font=\u00a0\u00bb|300|||||||\u00a0\u00bb header_4_text_align=\u00a0\u00bbcenter\u00a0\u00bb header_4_text_color=\u00a0\u00bb#002d48&Prime; text_orientation=\u00a0\u00bbcenter\u00a0\u00bb]<\/p>\n<h1>TNL Shajara<\/h1>\n<h4>Crossing from France &#8211; Maghreb (2019-2021).<\/h4>\n<p>[\/et_pb_text][et_pb_video src=\u00a0\u00bbhttps:\/\/www.youtube.com\/watch?v=wZ5jsZhp7I4&Prime; _builder_version=\u00a0\u00bb3.1.1&Prime; max_width=\u00a0\u00bb80%\u00a0\u00bb module_alignment=\u00a0\u00bbcenter\u00a0\u00bb \/][\/et_pb_column][\/et_pb_row][\/et_pb_section][et_pb_section bb_built=\u00a0\u00bb1&Prime; _builder_version=\u00a0\u00bb3.1.1&Prime; background_position=\u00a0\u00bbtop_center\u00a0\u00bb custom_margin=\u00a0\u00bb0px||0px|\u00a0\u00bb custom_padding=\u00a0\u00bb0px||0px|\u00a0\u00bb prev_background_color=\u00a0\u00bb#000000&Prime; next_background_color=\u00a0\u00bb#000000&Prime;][et_pb_row use_custom_width=\u00a0\u00bbon\u00a0\u00bb custom_padding=\u00a0\u00bb|140px||140px\u00a0\u00bb custom_margin=\u00a0\u00bb0px||30px|\u00a0\u00bb _builder_version=\u00a0\u00bb3.1.1&Prime; background_color=\u00a0\u00bbrgba(0,0,0,0.8)\u00a0\u00bb background_image=\u00a0\u00bbhttps:\/\/www.poncetgroupe.com\/Creations-by-YGP\/wp-content\/uploads\/TNL-Shajara-1920&#215;1280.jpg\u00a0\u00bb background_position=\u00a0\u00bbtop_center\u00a0\u00bb][et_pb_column type=\u00a0\u00bb1_4&Prime;][\/et_pb_column][et_pb_column type=\u00a0\u00bb3_4&Prime;][et_pb_text _builder_version=\u00a0\u00bb3.11.1&Prime; text_font_size=\u00a0\u00bb16px\u00a0\u00bb header_2_font=\u00a0\u00bb|||on|||||\u00a0\u00bb header_2_text_align=\u00a0\u00bbcenter\u00a0\u00bb header_2_text_color=\u00a0\u00bb#ffffff\u00a0\u00bb header_2_font_size=\u00a0\u00bb22px\u00a0\u00bb header_3_text_align=\u00a0\u00bbcenter\u00a0\u00bb header_3_font_size=\u00a0\u00bb32px\u00a0\u00bb background_layout=\u00a0\u00bbdark\u00a0\u00bb custom_margin=\u00a0\u00bb0px||0px|\u00a0\u00bb custom_padding=\u00a0\u00bb50px||50px|\u00a0\u00bb]<\/p>\n<h4>Desertification and the importance of trees.<\/h4>\n<p><span lang=\"EN-GB\" style=\"margin: 0px; font-family: 'Arial',sans-serif; font-size: 10.5pt;\">Desertification is harming the eath and it is a considerable issue be addressed, but it is also a great opportunity to allow Europe and Maghreb to meet.<\/span><\/p>\n<p><span lang=\"EN-GB\" style=\"margin: 0px; font-family: 'Arial',sans-serif; font-size: 10.5pt;\">75% of the lands of Tunisia (as those of other countries) are threatened by desertification, especially because of farming and breeding which are not adapted to the environment, causing severe deforestation.\u00a0 <\/span><\/p>\n<p><span lang=\"EN-GB\" style=\"margin: 0px; font-family: 'Arial',sans-serif; font-size: 10.5pt;\">Planting trees is an efficient tool to fight this desertification\u00a0: the trees trap the sand that is being brought by the winds, thus increasing the fertility and humidity of the soil. <\/span><\/p>\n<p>[\/et_pb_text][\/et_pb_column][\/et_pb_row][et_pb_row use_custom_width=\u00a0\u00bbon\u00a0\u00bb custom_padding=\u00a0\u00bb0|140px|54px|140px\u00a0\u00bb custom_margin=\u00a0\u00bb0px||0px|\u00a0\u00bb _builder_version=\u00a0\u00bb3.1.1&Prime; background_color=\u00a0\u00bbrgba(0,0,0,0.8)\u00a0\u00bb background_image=\u00a0\u00bbhttps:\/\/www.poncetgroupe.com\/Creations-by-YGP\/wp-content\/uploads\/Arbre-source-de-vie.png\u00a0\u00bb][et_pb_column type=\u00a0\u00bb4_4&Prime;][et_pb_text _builder_version=\u00a0\u00bb3.11.1&Prime; text_font_size=\u00a0\u00bb16px\u00a0\u00bb header_2_font=\u00a0\u00bb|||on|||||\u00a0\u00bb header_2_text_align=\u00a0\u00bbcenter\u00a0\u00bb header_2_text_color=\u00a0\u00bb#ffffff\u00a0\u00bb header_2_font_size=\u00a0\u00bb22px\u00a0\u00bb header_3_text_align=\u00a0\u00bbcenter\u00a0\u00bb header_3_font_size=\u00a0\u00bb32px\u00a0\u00bb background_layout=\u00a0\u00bbdark\u00a0\u00bb custom_margin=\u00a0\u00bb0px||0px|\u00a0\u00bb custom_padding=\u00a0\u00bb50px||20px|\u00a0\u00bb]<\/p>\n<h4 style=\"text-align: center;\">The tree is a source of life :<br \/>\na symbol of the fight against desertification<br \/>\nand of the dialogue between humans.<\/h4>\n<p>&nbsp;<\/p>\n<p>[\/et_pb_text][et_pb_image src=\u00a0\u00bbhttps:\/\/www.poncetgroupe.com\/Creations-by-YGP\/wp-content\/uploads\/arbre-schema-source-de-vie.png\u00a0\u00bb _builder_version=\u00a0\u00bb3.11.1&Prime; custom_margin=\u00a0\u00bb0px|||\u00a0\u00bb custom_padding=\u00a0\u00bb0px|||\u00a0\u00bb \/][\/et_pb_column][\/et_pb_row][\/et_pb_section][et_pb_section bb_built=\u00a0\u00bb1&Prime; _builder_version=\u00a0\u00bb3.1.1&Prime; custom_padding=\u00a0\u00bb40px|0px|54px|0px\u00a0\u00bb prev_background_color=\u00a0\u00bb#000000&Prime; next_background_color=\u00a0\u00bb#002d48&Prime;][et_pb_row custom_padding=\u00a0\u00bb0|0px|40px|0px\u00a0\u00bb make_equal=\u00a0\u00bbon\u00a0\u00bb _builder_version=\u00a0\u00bb3.1.1&Prime;][et_pb_column type=\u00a0\u00bb2_3&Prime;][et_pb_text _builder_version=\u00a0\u00bb3.11.1&Prime; header_4_text_color=\u00a0\u00bb#55aa90&Prime; header_6_font=\u00a0\u00bb|300|||||||\u00a0\u00bb header_6_font_size=\u00a0\u00bb17px\u00a0\u00bb text_orientation=\u00a0\u00bbjustified\u00a0\u00bb]<\/p>\n<h4>The sound<\/h4>\n<h6><u>Manufacturing process<\/u> :<\/h6>\n<p><span lang=\"EN-GB\" style=\"margin: 0px; font-family: 'Arial',sans-serif; font-size: 10.5pt;\"><span style=\"color: #000000;\">The electronic part of the TNL Shajara is made from a bank of home made specimen. The fact that they have been created by us creates a unique world of sounds.<\/span><\/span><\/p>\n<p><span lang=\"EN-GB\" style=\"margin: 0px; font-family: 'Arial',sans-serif; font-size: 10.5pt;\">Some sounds that have been especially recorded for the project by YGP have been modified with the help of a MAO (Computerized music) software in order to enrich the musical quality :<\/span><\/p>\n<p><span lang=\"EN-GB\" style=\"margin: 0px; font-family: 'Arial',sans-serif; font-size: 10.5pt;\">Some small studio pieces have been granted to us by Lofti Bouchrak. They are sounds of various places in Tunisia that have been recorded by YGP during his trips. They are made of street sounds, festivals, having food together, natural sounds, as well as sounds recorded in France such as sounds of the forest, like wood cracking, birds singing, wind blowing in the leaves of the trees\u2026<\/span><\/p>\n<p><span lang=\"EN-GB\" style=\"margin: 0px; font-family: 'Arial',sans-serif; font-size: 10.5pt;\">These sounds have been worked over in order to be recognizable and evoking, and they are sometimes treated as a sound wave in the first place. They have been made totally impossible to recognize. For examples, the sounds of the forest have been used to create a virtual drum.<\/span><\/p>\n<p><span lang=\"EN-GB\" style=\"margin: 0px; font-family: 'Arial',sans-serif; font-size: 10.5pt;\">The bank of sound specimen is now complete and the work of composition has taken place. <\/span><\/p>\n<p>[\/et_pb_text][\/et_pb_column][et_pb_column type=\u00a0\u00bb1_3&Prime;][et_pb_image src=\u00a0\u00bbhttps:\/\/www.poncetgroupe.com\/Creations-by-YGP\/wp-content\/uploads\/Son.png\u00a0\u00bb _builder_version=\u00a0\u00bb3.11.1&Prime; \/][\/et_pb_column][\/et_pb_row][et_pb_row custom_padding=\u00a0\u00bb0|0px|27px|0px\u00a0\u00bb make_equal=\u00a0\u00bbon\u00a0\u00bb _builder_version=\u00a0\u00bb3.1.1&Prime;][et_pb_column type=\u00a0\u00bb1_3&Prime;][et_pb_image src=\u00a0\u00bbhttps:\/\/www.poncetgroupe.com\/Creations-by-YGP\/wp-content\/uploads\/concert-shajara.png\u00a0\u00bb _builder_version=\u00a0\u00bb3.11.1&Prime; \/][\/et_pb_column][et_pb_column type=\u00a0\u00bb2_3&Prime;][et_pb_text _builder_version=\u00a0\u00bb3.11.1&Prime; header_4_text_color=\u00a0\u00bb#55aa90&Prime; header_6_font=\u00a0\u00bb|300|||||||\u00a0\u00bb header_6_font_size=\u00a0\u00bb17px\u00a0\u00bb text_orientation=\u00a0\u00bbjustified\u00a0\u00bb]<\/p>\n<h4>The concert<\/h4>\n<h6><u>Scenario and traveling<\/u> :<\/h6>\n<p><span lang=\"EN-GB\" style=\"margin: 0px; font-family: 'Arial',sans-serif; font-size: 10.5pt;\">The TNL Shajara is a trip in between two of the world\u2019s regions that are linked together by their history and geography, crossing from Europe to North Africa. <\/span><\/p>\n<p><span lang=\"EN-GB\" style=\"margin: 0px; font-family: 'Arial',sans-serif; font-size: 10.5pt;\">The show displays a wide series of poetry, short enough so that their words can replace man and tree in a common and larger society. They signify the too often overlooked symbiosis between humanity and the realm of plants. <\/span><\/p>\n<p><span lang=\"EN-GB\" style=\"margin: 0px; font-family: 'Arial',sans-serif; font-size: 10.5pt;\">The musical construction is organized around sharp stylistic cesures, from electro to traditional acoustic. They are two ways of saying the same thing. <\/span><\/p>\n<p><span lang=\"EN-GB\" style=\"margin: 0px; font-family: 'Arial',sans-serif; font-size: 10.5pt;\">The general idea of this creation is to go beyond fusion in order to establish a dialogue valueing each one of both aesthetics.<\/span><\/p>\n<p><span lang=\"EN-GB\" style=\"margin: 0px; font-family: 'Arial',sans-serif; font-size: 10.5pt;\">One of the main goal of this is for jazz to go and explore the musics of the Maghreb. <\/span><\/p>\n<p><span lang=\"EN-GB\" style=\"margin: 0px; font-family: 'Arial',sans-serif; font-size: 10.5pt;\">The Chief guest and his instrumentists plays their music in the purest of traditions and may as well participate to the electro music<\/span>.<\/p>\n<p>[\/et_pb_text][\/et_pb_column][\/et_pb_row][\/et_pb_section][et_pb_section bb_built=\u00a0\u00bb1&Prime; _builder_version=\u00a0\u00bb3.1.1&Prime; background_color=\u00a0\u00bb#002d48&Prime; custom_margin=\u00a0\u00bb0px|||\u00a0\u00bb custom_padding=\u00a0\u00bb0px||50px|\u00a0\u00bb prev_background_color=\u00a0\u00bb#ffffff\u00a0\u00bb next_background_color=\u00a0\u00bb#bc5d4a\u00a0\u00bb][et_pb_row use_custom_gutter=\u00a0\u00bbon\u00a0\u00bb make_equal=\u00a0\u00bbon\u00a0\u00bb custom_css_before_1=\u00a0\u00bbdisplay: flex; align-items: center;\u00a0\u00bb custom_css_main_2=\u00a0\u00bbdisplay: flex; align-items: center;\u00a0\u00bb custom_css_main_3=\u00a0\u00bbdisplay: flex; align-items: center;\u00a0\u00bb _builder_version=\u00a0\u00bb3.1.1&Prime; module_alignment=\u00a0\u00bbcenter\u00a0\u00bb][et_pb_column type=\u00a0\u00bb1_3&Prime;][et_pb_text _builder_version=\u00a0\u00bb3.11.1&Prime; text_text_color=\u00a0\u00bb#ffffff\u00a0\u00bb]<\/p>\n<p><b><br \/>\nMUSICIANS : <\/b><\/p>\n<p><b>Guests <\/b>(Voice) + 1, 2 ou 3 musicians<br \/>\n<b style=\"font-size: 14px;\">YGP<\/b><span style=\"font-size: 14px;\"> (violon, voice, machines)<br \/>\n<\/span><b>Jean-Paul Herv\u00e9 <\/b>(guitar\/bass guitar)<br \/>\n<b>Philippe Gilbert <\/b>(Saxophone, machines)<br \/>\n<b>Olivier <\/b><b>G\u00e9nin<\/b> (Drums)<\/p>\n<p>[\/et_pb_text][\/et_pb_column][et_pb_column type=\u00a0\u00bb1_3&Prime;][et_pb_text _builder_version=\u00a0\u00bb3.11.1&Prime; text_text_color=\u00a0\u00bb#ffffff\u00a0\u00bb]<\/p>\n<p><b><br \/>\nPRATICAL INFORMATION : <\/b><\/p>\n<p>&nbsp;<\/p>\n<p><b>Artistic team : <\/b>de 6 \u00e0 8 musicians., 1 VJay<\/p>\n<p><b>Technical team : <\/b>1 sound engineer, 1 lighting<\/p>\n<p><b>Public cible : <\/b>de 7 to 77 old. Can be played in front of 60 people (theater) or 30.000 people (festival).<\/p>\n<p><b>Environment : <\/b>Concerts on outdoor or indoor stage.<\/p>\n<p>C<b>oncert :duration : <\/b>1h30.<\/p>\n<p><b>Plateau opening (min) : <\/b>10 meters open and 6 meters delph.<\/p>\n<p>[\/et_pb_text][\/et_pb_column][et_pb_column type=\u00a0\u00bb1_3&Prime;][et_pb_text _builder_version=\u00a0\u00bb3.11.1&Prime; text_font=\u00a0\u00bbNeuton||||||||\u00a0\u00bb text_font_size=\u00a0\u00bb28px\u00a0\u00bb text_orientation=\u00a0\u00bbcenter\u00a0\u00bb background_layout=\u00a0\u00bbdark\u00a0\u00bb]<\/p>\n<p><b><i><img decoding=\"async\" loading=\"lazy\" class=\"wp-image-761 alignnone size-full\" src=\"https:\/\/www.poncetgroupe.com\/Creations-by-YGP\/wp-content\/uploads\/Arbre-shajara.png\" alt=\"Arbre-shajara\" width=\"214\" height=\"245\" \/><\/i><\/b><\/p>\n<p>&nbsp;<\/p>\n<p><i>\u00a0\u00bb L\u2019arbre<\/i><i> est le personnage central d\u2019un r\u00e9cit d\u00e9velopp\u00e9 <\/i><i>par la musique, <\/i><i>l\u2019image et les mots. \u00ab\u00a0<\/i><\/p>\n<p>[\/et_pb_text][\/et_pb_column][\/et_pb_row][\/et_pb_section][et_pb_section bb_built=\u00a0\u00bb1&Prime; _builder_version=\u00a0\u00bb3.1.1&Prime; background_color=\u00a0\u00bb#bc5d4a\u00a0\u00bb custom_padding=\u00a0\u00bb54px|0px|0|0px\u00a0\u00bb prev_background_color=\u00a0\u00bb#002d48&Prime; next_background_color=\u00a0\u00bb#ffffff\u00a0\u00bb][et_pb_row _builder_version=\u00a0\u00bb3.1.1&Prime;][et_pb_column type=\u00a0\u00bb4_4&Prime;][et_pb_button button_url=\u00a0\u00bbhttps:\/\/www.poncetgroupe.com\/Creations-by-YGP\/wp-content\/uploads\/TNL-Shajara-et-Grand-Shajara-YGP-2019-11.pdf\u00a0\u00bb button_text=\u00a0\u00bbPRESS\u00a0\u00bb button_alignment=\u00a0\u00bbcenter\u00a0\u00bb _builder_version=\u00a0\u00bb3.11.1&Prime; custom_button=\u00a0\u00bbon\u00a0\u00bb button_text_size=\u00a0\u00bb18&Prime; button_text_color=\u00a0\u00bb#bc5d4a\u00a0\u00bb button_bg_color=\u00a0\u00bb#ffffff\u00a0\u00bb button_border_width=\u00a0\u00bb0&Prime; button_border_radius=\u00a0\u00bb100&Prime; button_font=\u00a0\u00bb|300|||||||\u00a0\u00bb button_border_radius_hover=\u00a0\u00bb0&Prime; custom_margin=\u00a0\u00bb0px||50px|\u00a0\u00bb saved_tabs=\u00a0\u00bball\u00a0\u00bb \/][\/et_pb_column][\/et_pb_row][\/et_pb_section][et_pb_section bb_built=\u00a0\u00bb1&Prime; _builder_version=\u00a0\u00bb3.1.1&Prime; prev_background_color=\u00a0\u00bb#bc5d4a\u00a0\u00bb next_background_color=\u00a0\u00bb#1f3847&Prime;][et_pb_row use_custom_width=\u00a0\u00bbon\u00a0\u00bb custom_width_px=\u00a0\u00bb700px\u00a0\u00bb _builder_version=\u00a0\u00bb3.0.98&Prime;][et_pb_column type=\u00a0\u00bb4_4&Prime;][et_pb_text _builder_version=\u00a0\u00bb3.11.1&Prime; header_2_text_align=\u00a0\u00bbcenter\u00a0\u00bb header_3_font=\u00a0\u00bb|300|||||||\u00a0\u00bb header_3_text_align=\u00a0\u00bbcenter\u00a0\u00bb header_3_text_color=\u00a0\u00bb#c95743&Prime; header_3_font_size=\u00a0\u00bb35px\u00a0\u00bb text_orientation=\u00a0\u00bbjustified\u00a0\u00bb]<\/p>\n<h3>_<\/h3>\n<h2>THEY SUPPORT TNL Shajara<\/h2>\n<p>[\/et_pb_text][et_pb_gallery gallery_ids=\u00a0\u00bb312,311,310&Prime; posts_number=\u00a0\u00bb18&Prime; show_title_and_caption=\u00a0\u00bboff\u00a0\u00bb show_pagination=\u00a0\u00bboff\u00a0\u00bb _builder_version=\u00a0\u00bb3.1.1&Prime; pagination_font_size_tablet=\u00a0\u00bb51&Prime; pagination_line_height_tablet=\u00a0\u00bb2&Prime; \/][\/et_pb_column][\/et_pb_row][\/et_pb_section][et_pb_section bb_built=\u00a0\u00bb1&Prime; _builder_version=\u00a0\u00bb3.1.1&Prime; background_color=\u00a0\u00bb#1f3847&Prime; custom_margin=\u00a0\u00bb||0px|\u00a0\u00bb custom_padding=\u00a0\u00bb10px|0px|39px|0px\u00a0\u00bb prev_background_color=\u00a0\u00bb#ffffff\u00a0\u00bb][et_pb_row custom_padding=\u00a0\u00bb0px||0|\u00a0\u00bb custom_margin=\u00a0\u00bb35px|||\u00a0\u00bb custom_padding_last_edited=\u00a0\u00bbon|desktop\u00a0\u00bb _builder_version=\u00a0\u00bb3.1.1&Prime; custom_margin_tablet=\u00a0\u00bb10px|||\u00a0\u00bb custom_margin_last_edited=\u00a0\u00bbon|phone\u00a0\u00bb][et_pb_column type=\u00a0\u00bb1_3&Prime;][et_pb_text _builder_version=\u00a0\u00bb3.1.1&Prime; custom_margin=\u00a0\u00bb0px|||\u00a0\u00bb custom_padding=\u00a0\u00bb0px|||\u00a0\u00bb] <img decoding=\"async\" loading=\"lazy\" class=\" wp-image-594 aligncenter\" src=\"https:\/\/www.poncetgroupe.com\/Creations-by-YGP\/wp-content\/uploads\/Logo_CreationsByYGP_web-1-300x300.png\" alt=\"\" width=\"153\" height=\"153\" srcset=\"https:\/\/www.poncetgroupe.com\/Creations-by-YGP\/wp-content\/uploads\/Logo_CreationsByYGP_web-1-300x300.png 300w, https:\/\/www.poncetgroupe.com\/Creations-by-YGP\/wp-content\/uploads\/Logo_CreationsByYGP_web-1-150x150.png 150w, https:\/\/www.poncetgroupe.com\/Creations-by-YGP\/wp-content\/uploads\/Logo_CreationsByYGP_web-1.png 640w\" sizes=\"(max-width: 153px) 100vw, 153px\" \/> [\/et_pb_text][\/et_pb_column][et_pb_column type=\u00a0\u00bb1_3&Prime;][et_pb_text _builder_version=\u00a0\u00bb3.11.1&Prime; background_layout=\u00a0\u00bbdark\u00a0\u00bb]<\/p>\n<p>FOLLOW THE ACTUALITY OF YGP&rsquo;S CREATIONS<\/p>\n<p>[\/et_pb_text][et_pb_social_media_follow _builder_version=\u00a0\u00bb3.1.1&Prime; text_orientation=\u00a0\u00bbleft\u00a0\u00bb][et_pb_social_media_follow_network social_network=\u00a0\u00bbfacebook\u00a0\u00bb url=\u00a0\u00bbhttps:\/\/www.facebook.com\/transcontinentalproject\/\u00a0\u00bb _builder_version=\u00a0\u00bb3.1.1&Prime; background_color=\u00a0\u00bb#3b5998&Prime; custom_margin=\u00a0\u00bb|||\u00a0\u00bb custom_padding=\u00a0\u00bb5px|5px|5px|5px\u00a0\u00bb follow_button=\u00a0\u00bboff\u00a0\u00bb url_new_window=\u00a0\u00bbon\u00a0\u00bb]facebook[\/et_pb_social_media_follow_network][et_pb_social_media_follow_network social_network=\u00a0\u00bbyoutube\u00a0\u00bb url=\u00a0\u00bbhttps:\/\/www.youtube.com\/channel\/UC8MmJjL7VP1Xeh_9PYFSOjw\u00a0\u00bb _builder_version=\u00a0\u00bb3.1.1&Prime; background_color=\u00a0\u00bb#a82400&Prime; custom_padding=\u00a0\u00bb5px|5px|5px|5px\u00a0\u00bb follow_button=\u00a0\u00bboff\u00a0\u00bb url_new_window=\u00a0\u00bbon\u00a0\u00bb] Youtube [\/et_pb_social_media_follow_network][\/et_pb_social_media_follow][et_pb_signup mailchimp_list=\u00a0\u00bbCreations by YGP|6351e69e09&Prime; mailchimp_account_name=\u00a0\u00bbCreations by YGP\u00a0\u00bb mailchimp_api_key=\u00a0\u00bbe70158740fba83c69b71936ee52163f2-us12&Prime; first_name_field=\u00a0\u00bboff\u00a0\u00bb last_name_field=\u00a0\u00bboff\u00a0\u00bb success_message=\u00a0\u00bbMerci pour votre inscription !\u00a0\u00bb button_text=\u00a0\u00bbREGISTER\u00a0\u00bb _builder_version=\u00a0\u00bb3.11.1&Prime; header_font_size=\u00a0\u00bb15px\u00a0\u00bb background_color=\u00a0\u00bb#1f3847&Prime; custom_button=\u00a0\u00bbon\u00a0\u00bb button_bg_color=\u00a0\u00bb#bc5d4a\u00a0\u00bb button_border_width=\u00a0\u00bb0px\u00a0\u00bb button_border_radius=\u00a0\u00bb100px\u00a0\u00bb button_font=\u00a0\u00bb|300||on|||||\u00a0\u00bb custom_margin=\u00a0\u00bb0px||0px|0&Prime; custom_padding=\u00a0\u00bb0px||0px|0px\u00a0\u00bb description=\u00a0\u00bb&lt;p&gt;REGISTER INTO THE NEWSLETTER&lt;\/p&gt;\u00a0\u00bb activecampaign_list=\u00a0\u00bb|none\u00a0\u00bb aweber_list=\u00a0\u00bb|none\u00a0\u00bb campaign_monitor_list=\u00a0\u00bb|none\u00a0\u00bb constant_contact_list=\u00a0\u00bb|none\u00a0\u00bb convertkit_list=\u00a0\u00bb|none\u00a0\u00bb emma_list=\u00a0\u00bb|none\u00a0\u00bb feedblitz_list=\u00a0\u00bb|none\u00a0\u00bb getresponse_list=\u00a0\u00bb|none\u00a0\u00bb hubspot_list=\u00a0\u00bb|none\u00a0\u00bb icontact_list=\u00a0\u00bb|none\u00a0\u00bb infusionsoft_list=\u00a0\u00bb|none\u00a0\u00bb madmimi_list=\u00a0\u00bb|none\u00a0\u00bb mailerlite_list=\u00a0\u00bb|none\u00a0\u00bb mailpoet_list=\u00a0\u00bb|none\u00a0\u00bb mailster_list=\u00a0\u00bb|none\u00a0\u00bb ontraport_list=\u00a0\u00bb|none\u00a0\u00bb salesforce_list=\u00a0\u00bb|none\u00a0\u00bb sendinblue_list=\u00a0\u00bb|none\u00a0\u00bb \/][\/et_pb_column][et_pb_column type=\u00a0\u00bb1_3&Prime;][et_pb_text _builder_version=\u00a0\u00bb3.11.1&Prime; background_layout=\u00a0\u00bbdark\u00a0\u00bb]<\/p>\n<p>SUPPORT YGP&rsquo;S CREATION<\/p>\n<p><a href=\"https:\/\/www.poncetgroupe.com\/Creations-by-YGP\/contact\/\">Leave a comment<\/a><\/p>\n<p>[\/et_pb_text][et_pb_text _builder_version=\u00a0\u00bb3.1.1&Prime; background_layout=\u00a0\u00bbdark\u00a0\u00bb]<\/p>\n<p>INFORMATIONS<\/p>\n<p><a href=\"https:\/\/www.poncetgroupe.com\/Creations-by-YGP\/mentions-legales\/\">Mentions l\u00e9gales<\/a><\/p>\n<p>[\/et_pb_text][\/et_pb_column][\/et_pb_row][\/et_pb_section]<\/p>\n","protected":false},"excerpt":{"rendered":"<p>TNL Shajara Crossing from France &#8211; Maghreb (2019-2021). Desertification and the importance of trees. Desertification is harming the eath and it is a considerable issue be addressed, but it is also a great opportunity to allow Europe and Maghreb to meet. 75% of the lands of Tunisia (as those of other countries) are threatened by [&hellip;]<\/p>\n","protected":false},"author":1,"featured_media":0,"parent":0,"menu_order":0,"comment_status":"closed","ping_status":"closed","template":"","meta":{"_et_pb_use_builder":"on","_et_pb_old_content":"","_et_gb_content_width":""},"_links":{"self":[{"href":"https:\/\/www.poncetgroupe.com\/Creations-by-YGP\/wp-json\/wp\/v2\/pages\/1251"}],"collection":[{"href":"https:\/\/www.poncetgroupe.com\/Creations-by-YGP\/wp-json\/wp\/v2\/pages"}],"about":[{"href":"https:\/\/www.poncetgroupe.com\/Creations-by-YGP\/wp-json\/wp\/v2\/types\/page"}],"author":[{"embeddable":true,"href":"https:\/\/www.poncetgroupe.com\/Creations-by-YGP\/wp-json\/wp\/v2\/users\/1"}],"replies":[{"embeddable":true,"href":"https:\/\/www.poncetgroupe.com\/Creations-by-YGP\/wp-json\/wp\/v2\/comments?post=1251"}],"version-history":[{"count":0,"href":"https:\/\/www.poncetgroupe.com\/Creations-by-YGP\/wp-json\/wp\/v2\/pages\/1251\/revisions"}],"wp:attachment":[{"href":"https:\/\/www.poncetgroupe.com\/Creations-by-YGP\/wp-json\/wp\/v2\/media?parent=1251"}],"curies":[{"name":"wp","href":"https:\/\/api.w.org\/{rel}","templated":true}]}}