{"id":1573,"date":"2023-10-10T12:23:19","date_gmt":"2023-10-10T10:23:19","guid":{"rendered":"https:\/\/www.poncetgroupe.com\/Creations-by-YGP\/?page_id=1573"},"modified":"2025-01-07T16:38:34","modified_gmt":"2025-01-07T15:38:34","slug":"le-monde-reel","status":"publish","type":"page","link":"https:\/\/www.poncetgroupe.com\/Creations-by-YGP\/le-monde-reel\/","title":{"rendered":"Le Monde R\u00e9el"},"content":{"rendered":"<p>[et_pb_section fb_built=\u00a0\u00bb1&Prime; _builder_version=\u00a0\u00bb4.19.2&Prime; background_image=\u00a0\u00bbhttps:\/\/www.poncetgroupe.com\/Creations-by-YGP\/wp-content\/uploads\/Le-Monde-Reel-Conte-Musical-de-Yann-Gael-Poncet.jpg\u00a0\u00bb global_colors_info=\u00a0\u00bb{}\u00a0\u00bb][et_pb_row _builder_version=\u00a0\u00bb4.16&Prime; global_colors_info=\u00a0\u00bb{}\u00a0\u00bb][et_pb_column type=\u00a0\u00bb4_4&Prime; _builder_version=\u00a0\u00bb4.16&Prime; custom_padding=\u00a0\u00bb|||\u00a0\u00bb global_colors_info=\u00a0\u00bb{}\u00a0\u00bb custom_padding__hover=\u00a0\u00bb|||\u00a0\u00bb][et_pb_text _builder_version=\u00a0\u00bb4.19.2&Prime; header_font=\u00a0\u00bb||||||||\u00a0\u00bb header_text_align=\u00a0\u00bbcenter\u00a0\u00bb header_text_color=\u00a0\u00bb#ffffff\u00a0\u00bb header_4_font=\u00a0\u00bb|300|||||||\u00a0\u00bb header_4_text_align=\u00a0\u00bbcenter\u00a0\u00bb header_4_text_color=\u00a0\u00bb#ffffff\u00a0\u00bb text_orientation=\u00a0\u00bbcenter\u00a0\u00bb background_layout=\u00a0\u00bbdark\u00a0\u00bb header_font_size_tablet=\u00a0\u00bb\u00a0\u00bb header_font_size_phone=\u00a0\u00bb30px\u00a0\u00bb header_font_size_last_edited=\u00a0\u00bbon|phone\u00a0\u00bb global_colors_info=\u00a0\u00bb{}\u00a0\u00bb]<\/p>\n<h1>Le Monde R\u00e9el<\/h1>\n<h4>Le Monde R\u00e9el, Conte onirique et musical, entre r\u00e9cit et chanson.<\/h4>\n<p>&nbsp;<\/p>\n<p>[\/et_pb_text][et_pb_video src=\u00a0\u00bbhttps:\/\/www.youtube.com\/watch?v=t6iUhCZbBFE\u00a0\u00bb _builder_version=\u00a0\u00bb4.19.2&Prime; max_width=\u00a0\u00bb80%\u00a0\u00bb module_alignment=\u00a0\u00bbcenter\u00a0\u00bb global_colors_info=\u00a0\u00bb{}\u00a0\u00bb][\/et_pb_video][\/et_pb_column][\/et_pb_row][\/et_pb_section][et_pb_section fb_built=\u00a0\u00bb1&Prime; _builder_version=\u00a0\u00bb4.16&Prime; global_colors_info=\u00a0\u00bb{}\u00a0\u00bb][et_pb_row column_structure=\u00a0\u00bb1_2,1_2&Prime; make_equal=\u00a0\u00bbon\u00a0\u00bb _builder_version=\u00a0\u00bb4.19.2&Prime; module_alignment=\u00a0\u00bbcenter\u00a0\u00bb global_colors_info=\u00a0\u00bb{}\u00a0\u00bb][et_pb_column type=\u00a0\u00bb1_2&Prime; _builder_version=\u00a0\u00bb4.19.2&Prime; background_enable_image=\u00a0\u00bboff\u00a0\u00bb custom_padding=\u00a0\u00bb0px|0px||0px|false|false\u00a0\u00bb custom_padding_tablet=\u00a0\u00bb0px||0px|0px|true|false\u00a0\u00bb custom_padding_phone=\u00a0\u00bb0px||0px|0px|true|false\u00a0\u00bb custom_padding_last_edited=\u00a0\u00bbon|tablet\u00a0\u00bb global_colors_info=\u00a0\u00bb{}\u00a0\u00bb custom_padding__hover=\u00a0\u00bb|||\u00a0\u00bb][et_pb_image src=\u00a0\u00bbhttps:\/\/www.poncetgroupe.com\/Creations-by-YGP\/wp-content\/uploads\/unnamed-5-scaled.jpg\u00a0\u00bb title_text=\u00a0\u00bbunnamed\u00a0\u00bb _builder_version=\u00a0\u00bb4.19.2&Prime; _module_preset=\u00a0\u00bbdefault\u00a0\u00bb global_colors_info=\u00a0\u00bb{}\u00a0\u00bb][\/et_pb_image][\/et_pb_column][et_pb_column type=\u00a0\u00bb1_2&Prime; _builder_version=\u00a0\u00bb4.16&Prime; custom_padding=\u00a0\u00bb|||\u00a0\u00bb global_colors_info=\u00a0\u00bb{}\u00a0\u00bb custom_padding__hover=\u00a0\u00bb|||\u00a0\u00bb][et_pb_text _builder_version=\u00a0\u00bb4.16&Prime; header_3_font=\u00a0\u00bb|300|||||||\u00a0\u00bb header_3_text_align=\u00a0\u00bbjustify\u00a0\u00bb header_3_font_size=\u00a0\u00bb25px\u00a0\u00bb text_orientation=\u00a0\u00bbjustified\u00a0\u00bb global_colors_info=\u00a0\u00bb{}\u00a0\u00bb]<\/p>\n<p>Le Monde R\u00e9el est le voyage d&rsquo;un enfant lunaire et tendrement na\u00eff dans un univers parall\u00e8le.<br \/>Glissant habilement de la narration \u00e0 la musique, l&rsquo;artiste vocaliste, violoniste, guitariste et conteur, manie les all\u00e9gories pour mettre en \u00e9vidence quelques-unes des folies humaines.<\/p>\n<p>Mes fr\u00e8res et s\u0153ur se jettent sur leurs cadeaux. Moi, je n\u2019ai qu\u2019un petit ballotin que je d\u00e9piaute.<\/p>\n<p>&#8211; Papa\u2026 j\u2019ai eu une craie pour No\u00ebl ?<\/p>\n<p>&#8211; Chuuuut\u2026 suis moi !<\/p>\n<p>Dans ma chambre, \u00e0 c\u00f4t\u00e9 du lit, mon p\u00e8re dessine avec la craie le chambranle d\u2019une porte\u2026 qu\u2019il ouvre.<\/p>\n<p>&#8211; Pour No\u00ebl, tu as eu un monde parall\u00e8le.<\/p>\n<p>Dehors c\u2019\u00e9tait l\u2019\u00e9t\u00e9\u2026<\/p>\n<p>Tout public, \u00e0 partir de 11 ans<\/p>\n<p>Dur\u00e9e : 1h15<\/p>\n<p>&nbsp;<\/p>\n<p>[\/et_pb_text][\/et_pb_column][\/et_pb_row][\/et_pb_section][et_pb_section fb_built=\u00a0\u00bb1&Prime; _builder_version=\u00a0\u00bb4.16&Prime; background_color=\u00a0\u00bb#1f3847&Prime; custom_margin=\u00a0\u00bb||0px|\u00a0\u00bb custom_padding=\u00a0\u00bb10px|0px|39px|0px\u00a0\u00bb global_colors_info=\u00a0\u00bb{}\u00a0\u00bb][et_pb_row column_structure=\u00a0\u00bb1_3,1_3,1_3&Prime; custom_padding_last_edited=\u00a0\u00bbon|desktop\u00a0\u00bb _builder_version=\u00a0\u00bb4.16&Prime; custom_margin=\u00a0\u00bb35px|||\u00a0\u00bb custom_margin_tablet=\u00a0\u00bb10px|||\u00a0\u00bb custom_margin_phone=\u00a0\u00bb\u00a0\u00bb custom_margin_last_edited=\u00a0\u00bbon|phone\u00a0\u00bb custom_padding=\u00a0\u00bb0px||0|\u00a0\u00bb custom_padding_tablet=\u00a0\u00bb\u00a0\u00bb custom_padding_phone=\u00a0\u00bb\u00a0\u00bb global_colors_info=\u00a0\u00bb{}\u00a0\u00bb][et_pb_column type=\u00a0\u00bb1_3&Prime; _builder_version=\u00a0\u00bb4.16&Prime; custom_padding=\u00a0\u00bb|||\u00a0\u00bb global_colors_info=\u00a0\u00bb{}\u00a0\u00bb custom_padding__hover=\u00a0\u00bb|||\u00a0\u00bb][et_pb_text _builder_version=\u00a0\u00bb4.16&Prime; custom_margin=\u00a0\u00bb0px|||\u00a0\u00bb custom_padding=\u00a0\u00bb0px|||\u00a0\u00bb global_colors_info=\u00a0\u00bb{}\u00a0\u00bb] <img decoding=\"async\" loading=\"lazy\" class=\" wp-image-594 aligncenter\" src=\"https:\/\/www.poncetgroupe.com\/Creations-by-YGP\/wp-content\/uploads\/Logo_CreationsByYGP_web-1-300x300.png\" alt=\"\" width=\"153\" height=\"153\" srcset=\"https:\/\/www.poncetgroupe.com\/Creations-by-YGP\/wp-content\/uploads\/Logo_CreationsByYGP_web-1-300x300.png 300w, https:\/\/www.poncetgroupe.com\/Creations-by-YGP\/wp-content\/uploads\/Logo_CreationsByYGP_web-1-150x150.png 150w, https:\/\/www.poncetgroupe.com\/Creations-by-YGP\/wp-content\/uploads\/Logo_CreationsByYGP_web-1.png 640w\" sizes=\"(max-width: 153px) 100vw, 153px\" \/> [\/et_pb_text][\/et_pb_column][et_pb_column type=\u00a0\u00bb1_3&Prime; _builder_version=\u00a0\u00bb4.16&Prime; custom_padding=\u00a0\u00bb|||\u00a0\u00bb global_colors_info=\u00a0\u00bb{}\u00a0\u00bb custom_padding__hover=\u00a0\u00bb|||\u00a0\u00bb][et_pb_text _builder_version=\u00a0\u00bb4.16&Prime; background_layout=\u00a0\u00bbdark\u00a0\u00bb global_colors_info=\u00a0\u00bb{}\u00a0\u00bb] SUIVEZ L&rsquo;ACTU DES CR\u00c9ATIONS BY YGP [\/et_pb_text][et_pb_social_media_follow _builder_version=\u00a0\u00bb4.19.2&Prime; text_orientation=\u00a0\u00bbleft\u00a0\u00bb locked=\u00a0\u00bboff\u00a0\u00bb global_colors_info=\u00a0\u00bb{}\u00a0\u00bb][et_pb_social_media_follow_network social_network=\u00a0\u00bbfacebook\u00a0\u00bb url=\u00a0\u00bbhttps:\/\/www.facebook.com\/transcontinental.yanngaelponcet\/\u00a0\u00bb _builder_version=\u00a0\u00bb4.16&Prime; background_color=\u00a0\u00bb#3b5998&Prime; custom_margin=\u00a0\u00bb|||\u00a0\u00bb custom_padding=\u00a0\u00bb5px|5px|5px|5px\u00a0\u00bb global_colors_info=\u00a0\u00bb{}\u00a0\u00bb follow_button=\u00a0\u00bboff\u00a0\u00bb url_new_window=\u00a0\u00bbon\u00a0\u00bb]facebook[\/et_pb_social_media_follow_network][et_pb_social_media_follow_network social_network=\u00a0\u00bbyoutube\u00a0\u00bb url=\u00a0\u00bbhttps:\/\/www.youtube.com\/channel\/UC8MmJjL7VP1Xeh_9PYFSOjw\u00a0\u00bb _builder_version=\u00a0\u00bb4.16&Prime; background_color=\u00a0\u00bb#a82400&Prime; custom_padding=\u00a0\u00bb5px|5px|5px|5px\u00a0\u00bb global_colors_info=\u00a0\u00bb{}\u00a0\u00bb follow_button=\u00a0\u00bboff\u00a0\u00bb url_new_window=\u00a0\u00bbon\u00a0\u00bb] Youtube [\/et_pb_social_media_follow_network][et_pb_social_media_follow_network social_network=\u00a0\u00bbinstagram\u00a0\u00bb url=\u00a0\u00bbhttps:\/\/www.instagram.com\/yanngaelponcet\/\u00a0\u00bb use_icon_font_size=\u00a0\u00bbon\u00a0\u00bb icon_font_size=\u00a0\u00bb21px\u00a0\u00bb _builder_version=\u00a0\u00bb4.19.2&Prime; background_color=\u00a0\u00bb#ea2c59&Prime; global_colors_info=\u00a0\u00bb{}\u00a0\u00bb follow_button=\u00a0\u00bboff\u00a0\u00bb url_new_window=\u00a0\u00bbon\u00a0\u00bb]instagram[\/et_pb_social_media_follow_network][et_pb_social_media_follow_network social_network=\u00a0\u00bblinkedin\u00a0\u00bb url=\u00a0\u00bbhttps:\/\/www.linkedin.com\/in\/yann-ga\u00ebl-poncet-38b269199\/\u00a0\u00bb use_icon_font_size=\u00a0\u00bbon\u00a0\u00bb icon_font_size=\u00a0\u00bb21px\u00a0\u00bb _builder_version=\u00a0\u00bb4.19.2&Prime; _module_preset=\u00a0\u00bbdefault\u00a0\u00bb background_color=\u00a0\u00bb#0C71C3&Prime; background_enable_color=\u00a0\u00bbon\u00a0\u00bb global_colors_info=\u00a0\u00bb{}\u00a0\u00bb follow_button=\u00a0\u00bboff\u00a0\u00bb url_new_window=\u00a0\u00bbon\u00a0\u00bb]linkedin[\/et_pb_social_media_follow_network][et_pb_social_media_follow_network social_network=\u00a0\u00bbsoundcloud\u00a0\u00bb url=\u00a0\u00bbhttps:\/\/soundcloud.com\/transcontinental-60292870&Prime; use_icon_font_size=\u00a0\u00bbon\u00a0\u00bb icon_font_size=\u00a0\u00bb21px\u00a0\u00bb _builder_version=\u00a0\u00bb4.19.2&Prime; _module_preset=\u00a0\u00bbdefault\u00a0\u00bb background_color=\u00a0\u00bb#ff8800&Prime; global_colors_info=\u00a0\u00bb{}\u00a0\u00bb follow_button=\u00a0\u00bboff\u00a0\u00bb url_new_window=\u00a0\u00bbon\u00a0\u00bb]soundcloud[\/et_pb_social_media_follow_network][\/et_pb_social_media_follow][et_pb_signup mailchimp_list=\u00a0\u00bb6351e69e09&Prime; first_name_field=\u00a0\u00bboff\u00a0\u00bb last_name_field=\u00a0\u00bboff\u00a0\u00bb success_message=\u00a0\u00bbMerci pour votre inscription !\u00a0\u00bb button_text=\u00a0\u00bbS&rsquo;inscrire\u00a0\u00bb description=\u00a0\u00bb<\/p>\n<p>S&rsquo;INSCRIRE \u00c0 LA NEWSLETTER<\/p>\n<p>\u00a0\u00bb _builder_version=\u00a0\u00bb4.19.2&Prime; header_font=\u00a0\u00bb||||||||\u00a0\u00bb header_font_size=\u00a0\u00bb15px\u00a0\u00bb background_color=\u00a0\u00bb#1f3847&Prime; custom_button=\u00a0\u00bbon\u00a0\u00bb button_bg_color=\u00a0\u00bb#bc5d4a\u00a0\u00bb button_border_width=\u00a0\u00bb0px\u00a0\u00bb button_border_radius=\u00a0\u00bb100px\u00a0\u00bb button_font=\u00a0\u00bb|300||on|||||\u00a0\u00bb custom_margin=\u00a0\u00bb0px||0px|0&Prime; custom_padding=\u00a0\u00bb0px||0px|0px\u00a0\u00bb global_colors_info=\u00a0\u00bb{}\u00a0\u00bb button_text_size__hover_enabled=\u00a0\u00bboff\u00a0\u00bb button_one_text_size__hover_enabled=\u00a0\u00bboff\u00a0\u00bb button_two_text_size__hover_enabled=\u00a0\u00bboff\u00a0\u00bb button_text_color__hover_enabled=\u00a0\u00bboff\u00a0\u00bb button_one_text_color__hover_enabled=\u00a0\u00bboff\u00a0\u00bb button_two_text_color__hover_enabled=\u00a0\u00bboff\u00a0\u00bb button_border_width__hover_enabled=\u00a0\u00bboff\u00a0\u00bb button_one_border_width__hover_enabled=\u00a0\u00bboff\u00a0\u00bb button_two_border_width__hover_enabled=\u00a0\u00bboff\u00a0\u00bb button_border_color__hover_enabled=\u00a0\u00bboff\u00a0\u00bb button_one_border_color__hover_enabled=\u00a0\u00bboff\u00a0\u00bb button_two_border_color__hover_enabled=\u00a0\u00bboff\u00a0\u00bb button_border_radius__hover_enabled=\u00a0\u00bboff\u00a0\u00bb button_one_border_radius__hover_enabled=\u00a0\u00bboff\u00a0\u00bb button_two_border_radius__hover_enabled=\u00a0\u00bboff\u00a0\u00bb button_letter_spacing__hover_enabled=\u00a0\u00bboff\u00a0\u00bb button_one_letter_spacing__hover_enabled=\u00a0\u00bboff\u00a0\u00bb button_two_letter_spacing__hover_enabled=\u00a0\u00bboff\u00a0\u00bb button_bg_color__hover_enabled=\u00a0\u00bboff\u00a0\u00bb button_one_bg_color__hover_enabled=\u00a0\u00bboff\u00a0\u00bb button_two_bg_color__hover_enabled=\u00a0\u00bboff\u00a0\u00bb]<\/p>\n<p>S&rsquo;INSCRIRE \u00c0 LA NEWSLETTER<\/p>\n<p>[\/et_pb_signup][\/et_pb_column][et_pb_column type=\u00a0\u00bb1_3&Prime; _builder_version=\u00a0\u00bb4.16&Prime; custom_padding=\u00a0\u00bb|||\u00a0\u00bb global_colors_info=\u00a0\u00bb{}\u00a0\u00bb custom_padding__hover=\u00a0\u00bb|||\u00a0\u00bb][et_pb_text _builder_version=\u00a0\u00bb4.16&Prime; background_layout=\u00a0\u00bbdark\u00a0\u00bb global_colors_info=\u00a0\u00bb{}\u00a0\u00bb]<\/p>\n<p>SOUTENEZ LES CR\u00c9ATIONS BY YGP<\/p>\n<p><a href=\"https:\/\/www.poncetgroupe.com\/Creations-by-YGP\/contact\/\">Laisser un t\u00e9moignage<\/a><\/p>\n<p>[\/et_pb_text][et_pb_text _builder_version=\u00a0\u00bb4.16&Prime; background_layout=\u00a0\u00bbdark\u00a0\u00bb global_colors_info=\u00a0\u00bb{}\u00a0\u00bb]<\/p>\n<p>INFORMATIONS<\/p>\n<p><a href=\"https:\/\/www.poncetgroupe.com\/Creations-by-YGP\/mentions-legales\/\">Mentions l\u00e9gales<\/a> <\/p>\n<p>[\/et_pb_text][\/et_pb_column][\/et_pb_row][\/et_pb_section]<\/p>\n","protected":false},"excerpt":{"rendered":"<p>Le Monde R\u00e9el Le Monde R\u00e9el, Conte onirique et musical, entre r\u00e9cit et chanson. &nbsp;Le Monde R\u00e9el est le voyage d&rsquo;un enfant lunaire et tendrement na\u00eff dans un univers parall\u00e8le.Glissant habilement de la narration \u00e0 la musique, l&rsquo;artiste vocaliste, violoniste, guitariste et conteur, manie les all\u00e9gories pour mettre en \u00e9vidence quelques-unes des folies humaines. Mes [&hellip;]<\/p>\n","protected":false},"author":1,"featured_media":0,"parent":0,"menu_order":0,"comment_status":"closed","ping_status":"closed","template":"","meta":{"_et_pb_use_builder":"on","_et_pb_old_content":"","_et_gb_content_width":""},"_links":{"self":[{"href":"https:\/\/www.poncetgroupe.com\/Creations-by-YGP\/wp-json\/wp\/v2\/pages\/1573"}],"collection":[{"href":"https:\/\/www.poncetgroupe.com\/Creations-by-YGP\/wp-json\/wp\/v2\/pages"}],"about":[{"href":"https:\/\/www.poncetgroupe.com\/Creations-by-YGP\/wp-json\/wp\/v2\/types\/page"}],"author":[{"embeddable":true,"href":"https:\/\/www.poncetgroupe.com\/Creations-by-YGP\/wp-json\/wp\/v2\/users\/1"}],"replies":[{"embeddable":true,"href":"https:\/\/www.poncetgroupe.com\/Creations-by-YGP\/wp-json\/wp\/v2\/comments?post=1573"}],"version-history":[{"count":8,"href":"https:\/\/www.poncetgroupe.com\/Creations-by-YGP\/wp-json\/wp\/v2\/pages\/1573\/revisions"}],"predecessor-version":[{"id":1745,"href":"https:\/\/www.poncetgroupe.com\/Creations-by-YGP\/wp-json\/wp\/v2\/pages\/1573\/revisions\/1745"}],"wp:attachment":[{"href":"https:\/\/www.poncetgroupe.com\/Creations-by-YGP\/wp-json\/wp\/v2\/media?parent=1573"}],"curies":[{"name":"wp","href":"https:\/\/api.w.org\/{rel}","templated":true}]}}